{"id":212,"date":"2023-09-29T09:10:47","date_gmt":"2023-09-29T07:10:47","guid":{"rendered":"https:\/\/artemasbelleza.com\/?page_id=212"},"modified":"2024-06-12T06:03:53","modified_gmt":"2024-06-12T13:03:53","slug":"barberia","status":"publish","type":"page","link":"https:\/\/artemasbelleza.com\/index.php\/barberia\/","title":{"rendered":"Barber\u00eda"},"content":{"rendered":"\t\t<div data-elementor-type=\"wp-page\" data-elementor-id=\"212\" class=\"elementor elementor-212\" data-elementor-post-type=\"page\">\n\t\t\t\t<div class=\"elementor-element elementor-element-23eb15cb e-con-full e-flex e-con e-parent\" data-id=\"23eb15cb\" data-element_type=\"container\" data-settings=\"{&quot;background_background&quot;:&quot;classic&quot;}\">\n\t\t<div class=\"elementor-element elementor-element-48823936 e-con-full e-flex e-con e-child\" data-id=\"48823936\" data-element_type=\"container\">\n\t\t\t\t<div class=\"elementor-element elementor-element-7cddaf26 elementor-widget elementor-widget-image\" data-id=\"7cddaf26\" data-element_type=\"widget\" data-widget_type=\"image.default\">\n\t\t\t\t<div class=\"elementor-widget-container\">\n\t\t\t<style>\/*! elementor - v3.21.0 - 30-04-2024 *\/\n.elementor-widget-image{text-align:center}.elementor-widget-image a{display:inline-block}.elementor-widget-image a img[src$=\".svg\"]{width:48px}.elementor-widget-image img{vertical-align:middle;display:inline-block}<\/style>\t\t\t\t\t\t\t\t\t\t<img fetchpriority=\"high\" decoding=\"async\" width=\"683\" height=\"1024\" src=\"https:\/\/artemasbelleza.com\/wp-content\/uploads\/2023\/09\/IMG_7244-683x1024.jpg\" class=\"attachment-large size-large wp-image-513\" alt=\"\" srcset=\"https:\/\/artemasbelleza.com\/wp-content\/uploads\/2023\/09\/IMG_7244-683x1024.jpg 683w, https:\/\/artemasbelleza.com\/wp-content\/uploads\/2023\/09\/IMG_7244-200x300.jpg 200w, https:\/\/artemasbelleza.com\/wp-content\/uploads\/2023\/09\/IMG_7244-768x1151.jpg 768w, https:\/\/artemasbelleza.com\/wp-content\/uploads\/2023\/09\/IMG_7244-1025x1536.jpg 1025w, https:\/\/artemasbelleza.com\/wp-content\/uploads\/2023\/09\/IMG_7244.jpg 1366w\" sizes=\"(max-width: 683px) 100vw, 683px\" \/>\t\t\t\t\t\t\t\t\t\t\t\t\t<\/div>\n\t\t\t\t<\/div>\n\t\t\t\t<\/div>\n\t\t<div class=\"elementor-element elementor-element-66dc1c2c e-con-full e-flex e-con e-child\" data-id=\"66dc1c2c\" data-element_type=\"container\">\n\t\t\t\t<div class=\"elementor-element elementor-element-61fefb4b elementor-widget elementor-widget-heading\" data-id=\"61fefb4b\" data-element_type=\"widget\" data-widget_type=\"heading.default\">\n\t\t\t\t<div class=\"elementor-widget-container\">\n\t\t\t<style>\/*! elementor - v3.21.0 - 30-04-2024 *\/\n.elementor-heading-title{padding:0;margin:0;line-height:1}.elementor-widget-heading .elementor-heading-title[class*=elementor-size-]>a{color:inherit;font-size:inherit;line-height:inherit}.elementor-widget-heading .elementor-heading-title.elementor-size-small{font-size:15px}.elementor-widget-heading .elementor-heading-title.elementor-size-medium{font-size:19px}.elementor-widget-heading .elementor-heading-title.elementor-size-large{font-size:29px}.elementor-widget-heading .elementor-heading-title.elementor-size-xl{font-size:39px}.elementor-widget-heading .elementor-heading-title.elementor-size-xxl{font-size:59px}<\/style><h1 class=\"elementor-heading-title elementor-size-default\">Barber\u00eda<\/h1>\t\t<\/div>\n\t\t\t\t<\/div>\n\t\t\t\t<div class=\"elementor-element elementor-element-455d7642 elementor-widget elementor-widget-text-editor\" data-id=\"455d7642\" data-element_type=\"widget\" data-widget_type=\"text-editor.default\">\n\t\t\t\t<div class=\"elementor-widget-container\">\n\t\t\t<style>\/*! elementor - v3.21.0 - 30-04-2024 *\/\n.elementor-widget-text-editor.elementor-drop-cap-view-stacked .elementor-drop-cap{background-color:#69727d;color:#fff}.elementor-widget-text-editor.elementor-drop-cap-view-framed .elementor-drop-cap{color:#69727d;border:3px solid;background-color:transparent}.elementor-widget-text-editor:not(.elementor-drop-cap-view-default) .elementor-drop-cap{margin-top:8px}.elementor-widget-text-editor:not(.elementor-drop-cap-view-default) .elementor-drop-cap-letter{width:1em;height:1em}.elementor-widget-text-editor .elementor-drop-cap{float:left;text-align:center;line-height:1;font-size:50px}.elementor-widget-text-editor .elementor-drop-cap-letter{display:inline-block}<\/style>\t\t\t\t<p>Artesanos de la Belleza<\/p>\t\t\t\t\t\t<\/div>\n\t\t\t\t<\/div>\n\t\t\t\t<\/div>\n\t\t\t\t<\/div>\n\t\t<div class=\"elementor-element elementor-element-2fb32c9d e-con-full e-flex e-con e-parent\" data-id=\"2fb32c9d\" data-element_type=\"container\" data-settings=\"{&quot;background_background&quot;:&quot;classic&quot;}\">\n\t\t<div class=\"elementor-element elementor-element-1a86c55b e-con-full e-flex e-con e-child\" data-id=\"1a86c55b\" data-element_type=\"container\">\n\t\t\t\t<div class=\"elementor-element elementor-element-7a4e3916 elementor-widget elementor-widget-heading\" data-id=\"7a4e3916\" data-element_type=\"widget\" data-widget_type=\"heading.default\">\n\t\t\t\t<div class=\"elementor-widget-container\">\n\t\t\t<h2 class=\"elementor-heading-title elementor-size-default\">Corte<\/h2>\t\t<\/div>\n\t\t\t\t<\/div>\n\t\t\t\t<div class=\"elementor-element elementor-element-6eff65b2 elementor-widget elementor-widget-text-editor\" data-id=\"6eff65b2\" data-element_type=\"widget\" data-widget_type=\"text-editor.default\">\n\t\t\t\t<div class=\"elementor-widget-container\">\n\t\t\t\t\t\t\t<ul><li>Definici\u00f3n de Barba\u00a0<\/li><\/ul>\t\t\t\t\t\t<\/div>\n\t\t\t\t<\/div>\n\t\t\t\t<div class=\"elementor-element elementor-element-22a3576 elementor-align-left elementor-mobile-align-center elementor-tablet-align-center elementor-widget elementor-widget-button\" data-id=\"22a3576\" data-element_type=\"widget\" data-widget_type=\"button.default\">\n\t\t\t\t<div class=\"elementor-widget-container\">\n\t\t\t\t\t<div class=\"elementor-button-wrapper\">\n\t\t\t<a class=\"elementor-button elementor-button-link elementor-size-sm elementor-animation-grow\" href=\"https:\/\/artemasbelleza.versum.com\/services\/2791945\" target=\"_blank\">\n\t\t\t\t\t\t<span class=\"elementor-button-content-wrapper\">\n\t\t\t\t\t\t\t\t\t<span class=\"elementor-button-text\">AGENDA AQU\u00cd<\/span>\n\t\t\t\t\t<\/span>\n\t\t\t\t\t<\/a>\n\t\t<\/div>\n\t\t\t\t<\/div>\n\t\t\t\t<\/div>\n\t\t\t\t<div class=\"elementor-element elementor-element-f0d364c elementor-widget elementor-widget-text-editor\" data-id=\"f0d364c\" data-element_type=\"widget\" data-widget_type=\"text-editor.default\">\n\t\t\t\t<div class=\"elementor-widget-container\">\n\t\t\t\t\t\t\t<ul><li>Corte de Caballero Barber\u00eda\u00a0<\/li><\/ul>\t\t\t\t\t\t<\/div>\n\t\t\t\t<\/div>\n\t\t\t\t<div class=\"elementor-element elementor-element-d99300a elementor-align-left elementor-mobile-align-center elementor-tablet-align-center elementor-widget elementor-widget-button\" data-id=\"d99300a\" data-element_type=\"widget\" data-widget_type=\"button.default\">\n\t\t\t\t<div class=\"elementor-widget-container\">\n\t\t\t\t\t<div class=\"elementor-button-wrapper\">\n\t\t\t<a class=\"elementor-button elementor-button-link elementor-size-sm elementor-animation-grow\" href=\"https:\/\/artemasbelleza.versum.com\/services\/2791956\" target=\"_blank\">\n\t\t\t\t\t\t<span class=\"elementor-button-content-wrapper\">\n\t\t\t\t\t\t\t\t\t<span class=\"elementor-button-text\">AGENDA AQU\u00cd<\/span>\n\t\t\t\t\t<\/span>\n\t\t\t\t\t<\/a>\n\t\t<\/div>\n\t\t\t\t<\/div>\n\t\t\t\t<\/div>\n\t\t\t\t<div class=\"elementor-element elementor-element-74a023f elementor-widget elementor-widget-text-editor\" data-id=\"74a023f\" data-element_type=\"widget\" data-widget_type=\"text-editor.default\">\n\t\t\t\t<div class=\"elementor-widget-container\">\n\t\t\t\t\t\t\t<ul><li>Corte de Cabello con Grecas\u00a0<\/li><\/ul>\t\t\t\t\t\t<\/div>\n\t\t\t\t<\/div>\n\t\t\t\t<div class=\"elementor-element elementor-element-d2e5c21 elementor-align-left elementor-mobile-align-center elementor-tablet-align-center elementor-widget elementor-widget-button\" data-id=\"d2e5c21\" data-element_type=\"widget\" data-widget_type=\"button.default\">\n\t\t\t\t<div class=\"elementor-widget-container\">\n\t\t\t\t\t<div class=\"elementor-button-wrapper\">\n\t\t\t<a class=\"elementor-button elementor-button-link elementor-size-sm elementor-animation-grow\" href=\"https:\/\/artemasbelleza.versum.com\/services\/2854088\" target=\"_blank\">\n\t\t\t\t\t\t<span class=\"elementor-button-content-wrapper\">\n\t\t\t\t\t\t\t\t\t<span class=\"elementor-button-text\">AGENDA AQU\u00cd<\/span>\n\t\t\t\t\t<\/span>\n\t\t\t\t\t<\/a>\n\t\t<\/div>\n\t\t\t\t<\/div>\n\t\t\t\t<\/div>\n\t\t\t\t<div class=\"elementor-element elementor-element-d2917d7 elementor-widget elementor-widget-text-editor\" data-id=\"d2917d7\" data-element_type=\"widget\" data-widget_type=\"text-editor.default\">\n\t\t\t\t<div class=\"elementor-widget-container\">\n\t\t\t\t\t\t\t<ul>\n<li>Grecas elaboradas&nbsp;<\/li>\n<\/ul>\t\t\t\t\t\t<\/div>\n\t\t\t\t<\/div>\n\t\t\t\t<div class=\"elementor-element elementor-element-3e5b0eb elementor-align-left elementor-mobile-align-center elementor-tablet-align-center elementor-widget elementor-widget-button\" data-id=\"3e5b0eb\" data-element_type=\"widget\" data-widget_type=\"button.default\">\n\t\t\t\t<div class=\"elementor-widget-container\">\n\t\t\t\t\t<div class=\"elementor-button-wrapper\">\n\t\t\t<a class=\"elementor-button elementor-button-link elementor-size-sm elementor-animation-grow\" href=\"https:\/\/artemasbelleza.versum.com\/services\/2854089\" target=\"_blank\">\n\t\t\t\t\t\t<span class=\"elementor-button-content-wrapper\">\n\t\t\t\t\t\t\t\t\t<span class=\"elementor-button-text\">AGENDA AQU\u00cd<\/span>\n\t\t\t\t\t<\/span>\n\t\t\t\t\t<\/a>\n\t\t<\/div>\n\t\t\t\t<\/div>\n\t\t\t\t<\/div>\n\t\t\t\t<\/div>\n\t\t<div class=\"elementor-element elementor-element-74ec2967 e-con-full e-flex e-con e-child\" data-id=\"74ec2967\" data-element_type=\"container\">\n\t\t\t\t<div class=\"elementor-element elementor-element-7d36726 elementor-widget elementor-widget-image\" data-id=\"7d36726\" data-element_type=\"widget\" data-widget_type=\"image.default\">\n\t\t\t\t<div class=\"elementor-widget-container\">\n\t\t\t\t\t\t\t\t\t\t\t\t\t<img decoding=\"async\" width=\"768\" height=\"1024\" src=\"https:\/\/artemasbelleza.com\/wp-content\/uploads\/2023\/09\/IMG_0517-2-768x1024.jpeg\" class=\"attachment-large size-large wp-image-518\" alt=\"\" srcset=\"https:\/\/artemasbelleza.com\/wp-content\/uploads\/2023\/09\/IMG_0517-2-768x1024.jpeg 768w, https:\/\/artemasbelleza.com\/wp-content\/uploads\/2023\/09\/IMG_0517-2-225x300.jpeg 225w, https:\/\/artemasbelleza.com\/wp-content\/uploads\/2023\/09\/IMG_0517-2-1152x1536.jpeg 1152w, https:\/\/artemasbelleza.com\/wp-content\/uploads\/2023\/09\/IMG_0517-2-1536x2048.jpeg 1536w, https:\/\/artemasbelleza.com\/wp-content\/uploads\/2023\/09\/IMG_0517-2-scaled.jpeg 1920w\" sizes=\"(max-width: 768px) 100vw, 768px\" \/>\t\t\t\t\t\t\t\t\t\t\t\t\t<\/div>\n\t\t\t\t<\/div>\n\t\t\t\t<\/div>\n\t\t\t\t<\/div>\n\t\t\t\t<\/div>\n\t\t","protected":false},"excerpt":{"rendered":"<p>Barber\u00eda Artesanos de la Belleza Corte Definici\u00f3n de Barba\u00a0 AGENDA AQU\u00cd Corte de Caballero Barber\u00eda\u00a0 AGENDA AQU\u00cd Corte de Cabello con Grecas\u00a0 AGENDA AQU\u00cd Grecas elaboradas&nbsp; AGENDA AQU\u00cd<\/p>\n","protected":false},"author":1,"featured_media":0,"parent":0,"menu_order":0,"comment_status":"closed","ping_status":"closed","template":"","meta":{"site-sidebar-layout":"default","site-content-layout":"","ast-site-content-layout":"","site-content-style":"default","site-sidebar-style":"default","ast-global-header-display":"","ast-banner-title-visibility":"","ast-main-header-display":"","ast-hfb-above-header-display":"","ast-hfb-below-header-display":"","ast-hfb-mobile-header-display":"","site-post-title":"","ast-breadcrumbs-content":"","ast-featured-img":"","footer-sml-layout":"","theme-transparent-header-meta":"","adv-header-id-meta":"","stick-header-meta":"","header-above-stick-meta":"","header-main-stick-meta":"","header-below-stick-meta":"","astra-migrate-meta-layouts":"default","ast-page-background-enabled":"default","ast-page-background-meta":{"desktop":{"background-color":"var(--ast-global-color-4)","background-image":"","background-repeat":"repeat","background-position":"center center","background-size":"auto","background-attachment":"scroll","background-type":"","background-media":"","overlay-type":"","overlay-color":"","overlay-gradient":""},"tablet":{"background-color":"","background-image":"","background-repeat":"repeat","background-position":"center center","background-size":"auto","background-attachment":"scroll","background-type":"","background-media":"","overlay-type":"","overlay-color":"","overlay-gradient":""},"mobile":{"background-color":"","background-image":"","background-repeat":"repeat","background-position":"center center","background-size":"auto","background-attachment":"scroll","background-type":"","background-media":"","overlay-type":"","overlay-color":"","overlay-gradient":""}},"ast-content-background-meta":{"desktop":{"background-color":"var(--ast-global-color-5)","background-image":"","background-repeat":"repeat","background-position":"center center","background-size":"auto","background-attachment":"scroll","background-type":"","background-media":"","overlay-type":"","overlay-color":"","overlay-gradient":""},"tablet":{"background-color":"var(--ast-global-color-5)","background-image":"","background-repeat":"repeat","background-position":"center center","background-size":"auto","background-attachment":"scroll","background-type":"","background-media":"","overlay-type":"","overlay-color":"","overlay-gradient":""},"mobile":{"background-color":"var(--ast-global-color-5)","background-image":"","background-repeat":"repeat","background-position":"center center","background-size":"auto","background-attachment":"scroll","background-type":"","background-media":"","overlay-type":"","overlay-color":"","overlay-gradient":""}},"footnotes":"","_joinchat":[]},"yoast_head":"<!-- This site is optimized with the Yoast SEO plugin v22.6 - https:\/\/yoast.com\/wordpress\/plugins\/seo\/ -->\n<title>Barber\u00eda A+B | Corte de cabello y barba para caballero<\/title>\n<meta name=\"description\" content=\"Descubre nuestra zona de caballeros. Alta peluquer\u00eda y barber\u00eda el Rey ofrece cortes de cabello y afeitado para hombres. \u00a1Vis\u00edtanos!\" \/>\n<meta name=\"robots\" content=\"index, follow, max-snippet:-1, max-image-preview:large, max-video-preview:-1\" \/>\n<link rel=\"canonical\" href=\"https:\/\/artemasbelleza.com\/index.php\/barberia\/\" \/>\n<meta property=\"og:locale\" content=\"es_ES\" \/>\n<meta property=\"og:type\" content=\"article\" \/>\n<meta property=\"og:title\" content=\"Barber\u00eda A+B | Corte de cabello y barba para caballero\" \/>\n<meta property=\"og:description\" content=\"Descubre nuestra zona de caballeros. Alta peluquer\u00eda y barber\u00eda el Rey ofrece cortes de cabello y afeitado para hombres. \u00a1Vis\u00edtanos!\" \/>\n<meta property=\"og:url\" content=\"https:\/\/artemasbelleza.com\/index.php\/barberia\/\" \/>\n<meta property=\"og:site_name\" content=\"Arte m\u00e1s Belleza\" \/>\n<meta property=\"article:publisher\" content=\"https:\/\/www.facebook.com\/artemasbellezasalon\" \/>\n<meta property=\"article:modified_time\" content=\"2024-06-12T13:03:53+00:00\" \/>\n<meta property=\"og:image\" content=\"https:\/\/artemasbelleza.com\/wp-content\/uploads\/2023\/09\/IMG_7244-683x1024.jpg\" \/>\n<meta name=\"twitter:card\" content=\"summary_large_image\" \/>\n<meta name=\"twitter:label1\" content=\"Tiempo de lectura\" \/>\n\t<meta name=\"twitter:data1\" content=\"1 minuto\" \/>\n<script type=\"application\/ld+json\" class=\"yoast-schema-graph\">{\"@context\":\"https:\/\/schema.org\",\"@graph\":[{\"@type\":\"WebPage\",\"@id\":\"https:\/\/artemasbelleza.com\/index.php\/barberia\/\",\"url\":\"https:\/\/artemasbelleza.com\/index.php\/barberia\/\",\"name\":\"Barber\u00eda A+B | Corte de cabello y barba para caballero\",\"isPartOf\":{\"@id\":\"https:\/\/artemasbelleza.com\/#website\"},\"primaryImageOfPage\":{\"@id\":\"https:\/\/artemasbelleza.com\/index.php\/barberia\/#primaryimage\"},\"image\":{\"@id\":\"https:\/\/artemasbelleza.com\/index.php\/barberia\/#primaryimage\"},\"thumbnailUrl\":\"https:\/\/artemasbelleza.com\/wp-content\/uploads\/2023\/09\/IMG_7244-683x1024.jpg\",\"datePublished\":\"2023-09-29T07:10:47+00:00\",\"dateModified\":\"2024-06-12T13:03:53+00:00\",\"description\":\"Descubre nuestra zona de caballeros. Alta peluquer\u00eda y barber\u00eda el Rey ofrece cortes de cabello y afeitado para hombres. \u00a1Vis\u00edtanos!\",\"breadcrumb\":{\"@id\":\"https:\/\/artemasbelleza.com\/index.php\/barberia\/#breadcrumb\"},\"inLanguage\":\"es\",\"potentialAction\":[{\"@type\":\"ReadAction\",\"target\":[\"https:\/\/artemasbelleza.com\/index.php\/barberia\/\"]}]},{\"@type\":\"ImageObject\",\"inLanguage\":\"es\",\"@id\":\"https:\/\/artemasbelleza.com\/index.php\/barberia\/#primaryimage\",\"url\":\"https:\/\/artemasbelleza.com\/wp-content\/uploads\/2023\/09\/IMG_7244.jpg\",\"contentUrl\":\"https:\/\/artemasbelleza.com\/wp-content\/uploads\/2023\/09\/IMG_7244.jpg\",\"width\":1366,\"height\":2048},{\"@type\":\"BreadcrumbList\",\"@id\":\"https:\/\/artemasbelleza.com\/index.php\/barberia\/#breadcrumb\",\"itemListElement\":[{\"@type\":\"ListItem\",\"position\":1,\"name\":\"Portada\",\"item\":\"https:\/\/artemasbelleza.com\/\"},{\"@type\":\"ListItem\",\"position\":2,\"name\":\"Barber\u00eda\"}]},{\"@type\":\"WebSite\",\"@id\":\"https:\/\/artemasbelleza.com\/#website\",\"url\":\"https:\/\/artemasbelleza.com\/\",\"name\":\"arte mas belelza\",\"description\":\"\",\"publisher\":{\"@id\":\"https:\/\/artemasbelleza.com\/#organization\"},\"potentialAction\":[{\"@type\":\"SearchAction\",\"target\":{\"@type\":\"EntryPoint\",\"urlTemplate\":\"https:\/\/artemasbelleza.com\/?s={search_term_string}\"},\"query-input\":\"required name=search_term_string\"}],\"inLanguage\":\"es\"},{\"@type\":\"Organization\",\"@id\":\"https:\/\/artemasbelleza.com\/#organization\",\"name\":\"arte mas belleza\",\"url\":\"https:\/\/artemasbelleza.com\/\",\"logo\":{\"@type\":\"ImageObject\",\"inLanguage\":\"es\",\"@id\":\"https:\/\/artemasbelleza.com\/#\/schema\/logo\/image\/\",\"url\":\"https:\/\/artemasbelleza.com\/wp-content\/uploads\/2023\/09\/cropped-LOGO-icono-AB-NEGRO.png\",\"contentUrl\":\"https:\/\/artemasbelleza.com\/wp-content\/uploads\/2023\/09\/cropped-LOGO-icono-AB-NEGRO.png\",\"width\":512,\"height\":512,\"caption\":\"arte mas belleza\"},\"image\":{\"@id\":\"https:\/\/artemasbelleza.com\/#\/schema\/logo\/image\/\"},\"sameAs\":[\"https:\/\/www.facebook.com\/artemasbellezasalon\",\"https:\/\/www.instagram.com\/artemasbellezasalon\/\",\"https:\/\/www.tiktok.com\/@artemasbellezasalon\"]}]}<\/script>\n<!-- \/ Yoast SEO plugin. -->","yoast_head_json":{"title":"Barber\u00eda A+B | Corte de cabello y barba para caballero","description":"Descubre nuestra zona de caballeros. Alta peluquer\u00eda y barber\u00eda el Rey ofrece cortes de cabello y afeitado para hombres. \u00a1Vis\u00edtanos!","robots":{"index":"index","follow":"follow","max-snippet":"max-snippet:-1","max-image-preview":"max-image-preview:large","max-video-preview":"max-video-preview:-1"},"canonical":"https:\/\/artemasbelleza.com\/index.php\/barberia\/","og_locale":"es_ES","og_type":"article","og_title":"Barber\u00eda A+B | Corte de cabello y barba para caballero","og_description":"Descubre nuestra zona de caballeros. Alta peluquer\u00eda y barber\u00eda el Rey ofrece cortes de cabello y afeitado para hombres. \u00a1Vis\u00edtanos!","og_url":"https:\/\/artemasbelleza.com\/index.php\/barberia\/","og_site_name":"Arte m\u00e1s Belleza","article_publisher":"https:\/\/www.facebook.com\/artemasbellezasalon","article_modified_time":"2024-06-12T13:03:53+00:00","og_image":[{"url":"https:\/\/artemasbelleza.com\/wp-content\/uploads\/2023\/09\/IMG_7244-683x1024.jpg"}],"twitter_card":"summary_large_image","twitter_misc":{"Tiempo de lectura":"1 minuto"},"schema":{"@context":"https:\/\/schema.org","@graph":[{"@type":"WebPage","@id":"https:\/\/artemasbelleza.com\/index.php\/barberia\/","url":"https:\/\/artemasbelleza.com\/index.php\/barberia\/","name":"Barber\u00eda A+B | Corte de cabello y barba para caballero","isPartOf":{"@id":"https:\/\/artemasbelleza.com\/#website"},"primaryImageOfPage":{"@id":"https:\/\/artemasbelleza.com\/index.php\/barberia\/#primaryimage"},"image":{"@id":"https:\/\/artemasbelleza.com\/index.php\/barberia\/#primaryimage"},"thumbnailUrl":"https:\/\/artemasbelleza.com\/wp-content\/uploads\/2023\/09\/IMG_7244-683x1024.jpg","datePublished":"2023-09-29T07:10:47+00:00","dateModified":"2024-06-12T13:03:53+00:00","description":"Descubre nuestra zona de caballeros. Alta peluquer\u00eda y barber\u00eda el Rey ofrece cortes de cabello y afeitado para hombres. \u00a1Vis\u00edtanos!","breadcrumb":{"@id":"https:\/\/artemasbelleza.com\/index.php\/barberia\/#breadcrumb"},"inLanguage":"es","potentialAction":[{"@type":"ReadAction","target":["https:\/\/artemasbelleza.com\/index.php\/barberia\/"]}]},{"@type":"ImageObject","inLanguage":"es","@id":"https:\/\/artemasbelleza.com\/index.php\/barberia\/#primaryimage","url":"https:\/\/artemasbelleza.com\/wp-content\/uploads\/2023\/09\/IMG_7244.jpg","contentUrl":"https:\/\/artemasbelleza.com\/wp-content\/uploads\/2023\/09\/IMG_7244.jpg","width":1366,"height":2048},{"@type":"BreadcrumbList","@id":"https:\/\/artemasbelleza.com\/index.php\/barberia\/#breadcrumb","itemListElement":[{"@type":"ListItem","position":1,"name":"Portada","item":"https:\/\/artemasbelleza.com\/"},{"@type":"ListItem","position":2,"name":"Barber\u00eda"}]},{"@type":"WebSite","@id":"https:\/\/artemasbelleza.com\/#website","url":"https:\/\/artemasbelleza.com\/","name":"arte mas belelza","description":"","publisher":{"@id":"https:\/\/artemasbelleza.com\/#organization"},"potentialAction":[{"@type":"SearchAction","target":{"@type":"EntryPoint","urlTemplate":"https:\/\/artemasbelleza.com\/?s={search_term_string}"},"query-input":"required name=search_term_string"}],"inLanguage":"es"},{"@type":"Organization","@id":"https:\/\/artemasbelleza.com\/#organization","name":"arte mas belleza","url":"https:\/\/artemasbelleza.com\/","logo":{"@type":"ImageObject","inLanguage":"es","@id":"https:\/\/artemasbelleza.com\/#\/schema\/logo\/image\/","url":"https:\/\/artemasbelleza.com\/wp-content\/uploads\/2023\/09\/cropped-LOGO-icono-AB-NEGRO.png","contentUrl":"https:\/\/artemasbelleza.com\/wp-content\/uploads\/2023\/09\/cropped-LOGO-icono-AB-NEGRO.png","width":512,"height":512,"caption":"arte mas belleza"},"image":{"@id":"https:\/\/artemasbelleza.com\/#\/schema\/logo\/image\/"},"sameAs":["https:\/\/www.facebook.com\/artemasbellezasalon","https:\/\/www.instagram.com\/artemasbellezasalon\/","https:\/\/www.tiktok.com\/@artemasbellezasalon"]}]}},"_links":{"self":[{"href":"https:\/\/artemasbelleza.com\/index.php\/wp-json\/wp\/v2\/pages\/212"}],"collection":[{"href":"https:\/\/artemasbelleza.com\/index.php\/wp-json\/wp\/v2\/pages"}],"about":[{"href":"https:\/\/artemasbelleza.com\/index.php\/wp-json\/wp\/v2\/types\/page"}],"author":[{"embeddable":true,"href":"https:\/\/artemasbelleza.com\/index.php\/wp-json\/wp\/v2\/users\/1"}],"replies":[{"embeddable":true,"href":"https:\/\/artemasbelleza.com\/index.php\/wp-json\/wp\/v2\/comments?post=212"}],"version-history":[{"count":15,"href":"https:\/\/artemasbelleza.com\/index.php\/wp-json\/wp\/v2\/pages\/212\/revisions"}],"predecessor-version":[{"id":1558,"href":"https:\/\/artemasbelleza.com\/index.php\/wp-json\/wp\/v2\/pages\/212\/revisions\/1558"}],"wp:attachment":[{"href":"https:\/\/artemasbelleza.com\/index.php\/wp-json\/wp\/v2\/media?parent=212"}],"curies":[{"name":"wp","href":"https:\/\/api.w.org\/{rel}","templated":true}]}}